{"id":297,"date":"2022-07-19T18:45:25","date_gmt":"2022-07-19T18:45:25","guid":{"rendered":"https:\/\/www.dismekanhali.com\/magaza\/?post_type=product&#038;p=297"},"modified":"2025-11-05T02:26:02","modified_gmt":"2025-11-05T02:26:02","slug":"ehil-kf-09-fircali-ust-yuzeyli","status":"publish","type":"product","link":"https:\/\/www.dismekanhali.com\/magaza\/urun\/ehil-kf-09-fircali-ust-yuzeyli\/","title":{"rendered":"EH\u0130L KF 09 FIR\u00c7ALI \u00dcST Y\u00dcZEYL\u0130"},"content":{"rendered":"<h2><strong>TEKN\u0130K \u00d6ZELL\u0130KLER EH\u0130L KF 09<\/strong><\/h2>\n<p>Kau\u00e7uk + F\u0131r\u00e7al\u0131 \u00fcst y\u00fczeyli al\u00fcminyum g\u00f6vdeli paspas sistemi. G\u00f6mme tip kullan\u0131labildi\u011fi gibi , havuz b\u0131rak\u0131lmayan yerlerde \u00e7er\u00e7eveli kullan\u0131labilir. Kau\u00e7uk renkleri: Siyah ve gri Paspas derinli\u011fi 22 mm dir. G\u00f6mme tip uygulamalarda havuz b\u0131rak\u0131l\u0131rken dikkat edilmelidir.<\/p>\n<h2><strong>AL\u00dcM\u0130NYUM PASPAS S\u0130STEMLER\u0130<\/strong><\/h2>\n<p>Kaset F\u0131r\u00e7al\u0131 \u00fcst y\u00fczeyli al\u00fcminyum g\u00f6vdeli paspas sistemi. G\u00f6mme tip kullan\u0131labildi\u011fi gibi, havuz b\u0131rak\u0131lmayan yerlerde \u00e7er\u00e7eveli kullan\u0131labilir.<br \/>\nPaspas derinli\u011fi 22 mm dir. G\u00f6mme tip uygulamalarda havuz b\u0131rak\u0131l\u0131rken dikkat edilmelidir.<\/p>\n<p>Al\u00fcminyum g\u00f6vdeli paspas sistemleri , i\u00e7eri\u011findeki kau\u00e7uk ve sert dokulu sa\u011flam hal\u0131 \u015feritler ile bina giri\u015flerinizde kullan\u0131larak yap\u0131 i\u00e7erisine kir ve \u00e7amur giri\u015fini % 90 oran\u0131nda azaltmaktad\u0131r..<br \/>\nSadece kau\u00e7uk ve hal\u0131 \u015feritli olabilece\u011fi gibi al\u00fcminyum s\u0131y\u0131r\u0131c\u0131 ve f\u0131r\u00e7al\u0131 alternatifleri de bulunmaktad\u0131r.<br \/>\nY\u00fcksek kalitede al\u00fcminyum profiller ve bu profili birbirlerine ba\u011flayan \u00e7elik halatlar kullan\u0131lmas\u0131ndan dolay\u0131 uzun \u00f6m\u00fcrl\u00fcd\u00fcr.<br \/>\nPaspas sistemlerinin temizli\u011fi kolay olup , profil aral\u0131klar\u0131 kirlerin paspas havuzuna d\u00fc\u015fmesini sa\u011flayacak \u015fekilde ayarlanmaktad\u0131r.<br \/>\nAlt fitiller sayesinde ses izolasyonu sa\u011flar ve kaymay\u0131 \u00f6nler.<br \/>\n\u0130stenilen ebatlarda, g\u00f6mme (Yuva i\u00e7i) tip veya \u00e7er\u00e7eveli olarak \u00fcretim yap\u0131lmaktad\u0131r. G\u00f6mme (Yuva i\u00e7i)\u00a0 tip \u00fcretimlerde b\u0131rak\u0131lacak olan havuz derinli\u011fi 22 mm olmal\u0131d\u0131r.<br \/>\nGenellikle, d\u0131\u015f mek\u00e2nlarda kau\u00e7uk, i\u00e7 mek\u00e2nlarda ise hal\u0131 \u00fcst y\u00fczeyli olarak kullan\u0131l\u0131rlar.<\/p>\n","protected":false},"excerpt":{"rendered":"<p><img loading=\"lazy\" decoding=\"async\" class=\"alignleft size-medium wp-image-90\" src=\"https:\/\/www.dismekanhali.com\/magaza\/wp-content\/uploads\/2021\/05\/n11satinal-300x39.png\" alt=\"\" width=\"300\" height=\"39\" srcset=\"https:\/\/www.dismekanhali.com\/magaza\/wp-content\/uploads\/2021\/05\/n11satinal-300x39.png 300w, https:\/\/www.dismekanhali.com\/magaza\/wp-content\/uploads\/2021\/05\/n11satinal-600x78.png 600w, https:\/\/www.dismekanhali.com\/magaza\/wp-content\/uploads\/2021\/05\/n11satinal.png 662w\" sizes=\"auto, (max-width: 300px) 100vw, 300px\" \/><\/p>\n<p>,<\/p>\n<p>&nbsp;<\/p>\n<p><a href=\"https:\/\/wa.me\/905326805655\"><img loading=\"lazy\" decoding=\"async\" class=\"alignleft size-medium wp-image-91\" src=\"https:\/\/www.dismekanhali.com\/magaza\/wp-content\/uploads\/2021\/05\/whatsappcanlidestek-300x39.png\" alt=\"\" width=\"300\" height=\"39\" srcset=\"https:\/\/www.dismekanhali.com\/magaza\/wp-content\/uploads\/2021\/05\/whatsappcanlidestek-300x39.png 300w, https:\/\/www.dismekanhali.com\/magaza\/wp-content\/uploads\/2021\/05\/whatsappcanlidestek-600x78.png 600w, https:\/\/www.dismekanhali.com\/magaza\/wp-content\/uploads\/2021\/05\/whatsappcanlidestek.png 662w\" sizes=\"auto, (max-width: 300px) 100vw, 300px\" \/><\/a><\/p>\n","protected":false},"featured_media":270,"comment_status":"open","ping_status":"closed","template":"","meta":[],"product_cat":[60],"product_tag":[],"class_list":["post-297","product","type-product","status-publish","has-post-thumbnail","hentry","product_cat-dis-mekan-aluminyum-paspaslar"],"_links":{"self":[{"href":"https:\/\/www.dismekanhali.com\/magaza\/wp-json\/wp\/v2\/product\/297","targetHints":{"allow":["GET"]}}],"collection":[{"href":"https:\/\/www.dismekanhali.com\/magaza\/wp-json\/wp\/v2\/product"}],"about":[{"href":"https:\/\/www.dismekanhali.com\/magaza\/wp-json\/wp\/v2\/types\/product"}],"replies":[{"embeddable":true,"href":"https:\/\/www.dismekanhali.com\/magaza\/wp-json\/wp\/v2\/comments?post=297"}],"wp:featuredmedia":[{"embeddable":true,"href":"https:\/\/www.dismekanhali.com\/magaza\/wp-json\/wp\/v2\/media\/270"}],"wp:attachment":[{"href":"https:\/\/www.dismekanhali.com\/magaza\/wp-json\/wp\/v2\/media?parent=297"}],"wp:term":[{"taxonomy":"product_cat","embeddable":true,"href":"https:\/\/www.dismekanhali.com\/magaza\/wp-json\/wp\/v2\/product_cat?post=297"},{"taxonomy":"product_tag","embeddable":true,"href":"https:\/\/www.dismekanhali.com\/magaza\/wp-json\/wp\/v2\/product_tag?post=297"}],"curies":[{"name":"wp","href":"https:\/\/api.w.org\/{rel}","templated":true}]}}