{"id":233,"date":"2021-07-06T18:37:18","date_gmt":"2021-07-06T18:37:18","guid":{"rendered":"http:\/\/www.dismekanhali.com\/magaza\/?post_type=product&#038;p=233"},"modified":"2022-05-09T14:55:41","modified_gmt":"2022-05-09T14:55:41","slug":"nem-alici-toz-kontrol-paspasi","status":"publish","type":"product","link":"https:\/\/www.dismekanhali.com\/magaza\/urun\/nem-alici-toz-kontrol-paspasi\/","title":{"rendered":"Siyahl\u0131 Grili Nem Al\u0131c\u0131 Toz Kontrol Paspas\u0131"},"content":{"rendered":"<table class=\"second_font w_full size_2\">\n<tbody>\n<tr class=\"sub\">\n<th class=\"bg_grey_light_2\" style=\"text-align: left;\"><b>Kal\u0131nl\u0131k<\/b><\/th>\n<td style=\"text-align: left;\">8 mm<\/td>\n<\/tr>\n<tr class=\"sub\">\n<th class=\"bg_grey_light_2\" style=\"text-align: left;\"><b>A\u011f\u0131rl\u0131k<\/b><\/th>\n<td style=\"text-align: left;\">3.370 gr\/m\u00b2<\/td>\n<\/tr>\n<tr class=\"sub\">\n<th class=\"bg_grey_light_2\" style=\"text-align: left;\"><b>Malzeme<\/b><\/th>\n<td>%100 Polipropilen, PVC taban<\/td>\n<\/tr>\n<tr class=\"sub\">\n<th class=\"bg_grey_light_2\" style=\"text-align: left;\"><b>Kullan\u0131m alan\u0131<\/b><\/th>\n<td style=\"text-align: left;\">\u0130\u00e7 mekan<\/td>\n<\/tr>\n<tr class=\"sub\">\n<th class=\"bg_grey_light_2\" style=\"text-align: left;\"><b>Kullan\u0131m trafi\u011fi<\/b><\/th>\n<td style=\"text-align: left;\">Yo\u011fun trafik<\/td>\n<\/tr>\n<\/tbody>\n<\/table>\n","protected":false},"excerpt":{"rendered":"<p><a href=\"https:\/\/urun.n11.com\/paspas\/nem-alici-toz-kontrol-paspasi-P424088568\"><img loading=\"lazy\" decoding=\"async\" class=\"alignleft size-medium wp-image-90\" src=\"http:\/\/www.dismekanhali.com\/magaza\/wp-content\/uploads\/2021\/05\/n11satinal-300x39.png\" alt=\"\" width=\"300\" height=\"39\" srcset=\"https:\/\/www.dismekanhali.com\/magaza\/wp-content\/uploads\/2021\/05\/n11satinal-300x39.png 300w, https:\/\/www.dismekanhali.com\/magaza\/wp-content\/uploads\/2021\/05\/n11satinal-600x78.png 600w, https:\/\/www.dismekanhali.com\/magaza\/wp-content\/uploads\/2021\/05\/n11satinal.png 662w\" sizes=\"auto, (max-width: 300px) 100vw, 300px\" \/><\/a><\/p>\n<h6><\/h6>\n<h6><a href=\"https:\/\/wa.me\/905326805655\"><img loading=\"lazy\" decoding=\"async\" class=\"alignleft size-medium wp-image-91\" src=\"http:\/\/www.dismekanhali.com\/magaza\/wp-content\/uploads\/2021\/05\/whatsappcanlidestek-300x39.png\" alt=\"\" width=\"300\" height=\"39\" srcset=\"https:\/\/www.dismekanhali.com\/magaza\/wp-content\/uploads\/2021\/05\/whatsappcanlidestek-300x39.png 300w, https:\/\/www.dismekanhali.com\/magaza\/wp-content\/uploads\/2021\/05\/whatsappcanlidestek-600x78.png 600w, https:\/\/www.dismekanhali.com\/magaza\/wp-content\/uploads\/2021\/05\/whatsappcanlidestek.png 662w\" sizes=\"auto, (max-width: 300px) 100vw, 300px\" \/><\/a><\/h6>\n","protected":false},"featured_media":234,"comment_status":"open","ping_status":"closed","template":"","meta":[],"product_cat":[43],"product_tag":[],"class_list":["post-233","product","type-product","status-publish","has-post-thumbnail","hentry","product_cat-nem-alici-toz-kontrol-paspaslari"],"_links":{"self":[{"href":"https:\/\/www.dismekanhali.com\/magaza\/wp-json\/wp\/v2\/product\/233","targetHints":{"allow":["GET"]}}],"collection":[{"href":"https:\/\/www.dismekanhali.com\/magaza\/wp-json\/wp\/v2\/product"}],"about":[{"href":"https:\/\/www.dismekanhali.com\/magaza\/wp-json\/wp\/v2\/types\/product"}],"replies":[{"embeddable":true,"href":"https:\/\/www.dismekanhali.com\/magaza\/wp-json\/wp\/v2\/comments?post=233"}],"wp:featuredmedia":[{"embeddable":true,"href":"https:\/\/www.dismekanhali.com\/magaza\/wp-json\/wp\/v2\/media\/234"}],"wp:attachment":[{"href":"https:\/\/www.dismekanhali.com\/magaza\/wp-json\/wp\/v2\/media?parent=233"}],"wp:term":[{"taxonomy":"product_cat","embeddable":true,"href":"https:\/\/www.dismekanhali.com\/magaza\/wp-json\/wp\/v2\/product_cat?post=233"},{"taxonomy":"product_tag","embeddable":true,"href":"https:\/\/www.dismekanhali.com\/magaza\/wp-json\/wp\/v2\/product_tag?post=233"}],"curies":[{"name":"wp","href":"https:\/\/api.w.org\/{rel}","templated":true}]}}