{"id":170,"date":"2021-06-26T18:43:53","date_gmt":"2021-06-26T18:43:53","guid":{"rendered":"http:\/\/www.dismekanhali.com\/magaza\/?post_type=product&#038;p=170"},"modified":"2021-06-26T18:44:30","modified_gmt":"2021-06-26T18:44:30","slug":"sahil-desenli-renkli-kaucuk-kapi-onu-paspasi","status":"publish","type":"product","link":"https:\/\/www.dismekanhali.com\/magaza\/urun\/sahil-desenli-renkli-kaucuk-kapi-onu-paspasi\/","title":{"rendered":"Sahil Desenli Renkli Kau\u00e7uk Kap\u0131 \u00d6n\u00fc Paspas\u0131"},"content":{"rendered":"<p>\u00dcr\u00fcn Ebat\u0131 : 40 cm x 70 cm<br \/>\nKal\u0131nl\u0131k : 5 mm<br \/>\n\u00dcst Y\u00fczey : Dijital Bask\u0131l\u0131 Polyester Dokuma<br \/>\nTaban Cinsi : PVC (Koku Yapmayan K\u0131r\u0131lmayan Deforme Olmayan D\u00f6k\u00fclmez Taban)<br \/>\nT\u00fcrkiye%27de \u00dcretilmi\u015ftir.<\/p>\n","protected":false},"excerpt":{"rendered":"<p><a href=\"https:\/\/urun.n11.com\/paspas\/sahil-desenli-renkli-kaucuk-kapi-onu-paspasi-P424313362\"><img loading=\"lazy\" decoding=\"async\" class=\"alignleft size-medium wp-image-90\" src=\"http:\/\/www.dismekanhali.com\/magaza\/wp-content\/uploads\/2021\/05\/n11satinal-300x39.png\" alt=\"\" width=\"300\" height=\"39\" srcset=\"https:\/\/www.dismekanhali.com\/magaza\/wp-content\/uploads\/2021\/05\/n11satinal-300x39.png 300w, https:\/\/www.dismekanhali.com\/magaza\/wp-content\/uploads\/2021\/05\/n11satinal-600x78.png 600w, https:\/\/www.dismekanhali.com\/magaza\/wp-content\/uploads\/2021\/05\/n11satinal.png 662w\" sizes=\"auto, (max-width: 300px) 100vw, 300px\" \/><\/a><\/p>\n<p>&nbsp;<\/p>\n<h6><a href=\"https:\/\/wa.me\/905326805655\"><img loading=\"lazy\" decoding=\"async\" class=\"alignleft size-medium wp-image-91\" src=\"http:\/\/www.dismekanhali.com\/magaza\/wp-content\/uploads\/2021\/05\/whatsappcanlidestek-300x39.png\" alt=\"\" width=\"300\" height=\"39\" srcset=\"https:\/\/www.dismekanhali.com\/magaza\/wp-content\/uploads\/2021\/05\/whatsappcanlidestek-300x39.png 300w, https:\/\/www.dismekanhali.com\/magaza\/wp-content\/uploads\/2021\/05\/whatsappcanlidestek-600x78.png 600w, https:\/\/www.dismekanhali.com\/magaza\/wp-content\/uploads\/2021\/05\/whatsappcanlidestek.png 662w\" sizes=\"auto, (max-width: 300px) 100vw, 300px\" \/><\/a><\/h6>\n","protected":false},"featured_media":171,"comment_status":"open","ping_status":"closed","template":"","meta":[],"product_cat":[41],"product_tag":[],"class_list":["post-170","product","type-product","status-publish","has-post-thumbnail","hentry","product_cat-dijital-baskili-kaucuk-paspaslar"],"_links":{"self":[{"href":"https:\/\/www.dismekanhali.com\/magaza\/wp-json\/wp\/v2\/product\/170","targetHints":{"allow":["GET"]}}],"collection":[{"href":"https:\/\/www.dismekanhali.com\/magaza\/wp-json\/wp\/v2\/product"}],"about":[{"href":"https:\/\/www.dismekanhali.com\/magaza\/wp-json\/wp\/v2\/types\/product"}],"replies":[{"embeddable":true,"href":"https:\/\/www.dismekanhali.com\/magaza\/wp-json\/wp\/v2\/comments?post=170"}],"wp:featuredmedia":[{"embeddable":true,"href":"https:\/\/www.dismekanhali.com\/magaza\/wp-json\/wp\/v2\/media\/171"}],"wp:attachment":[{"href":"https:\/\/www.dismekanhali.com\/magaza\/wp-json\/wp\/v2\/media?parent=170"}],"wp:term":[{"taxonomy":"product_cat","embeddable":true,"href":"https:\/\/www.dismekanhali.com\/magaza\/wp-json\/wp\/v2\/product_cat?post=170"},{"taxonomy":"product_tag","embeddable":true,"href":"https:\/\/www.dismekanhali.com\/magaza\/wp-json\/wp\/v2\/product_tag?post=170"}],"curies":[{"name":"wp","href":"https:\/\/api.w.org\/{rel}","templated":true}]}}