{"id":22,"date":"2021-03-23T13:43:13","date_gmt":"2021-03-23T13:43:13","guid":{"rendered":"http:\/\/www.dismekanhali.com\/magaza\/?page_id=22"},"modified":"2021-03-25T09:18:07","modified_gmt":"2021-03-25T09:18:07","slug":"iletisim","status":"publish","type":"page","link":"https:\/\/www.dismekanhali.com\/magaza\/iletisim\/","title":{"rendered":"\u0130leti\u015fim"},"content":{"rendered":"\n<h4 class=\"wp-block-heading\">\u00dcr\u00fcn ve hizmetlerimiz hakk\u0131nda daha detayl\u0131 bilgi almak i\u00e7in e-posta, telefon veya ileti\u015fim formumuz arac\u0131l\u0131\u011f\u0131 ile rahatl\u0131kla irtibat sa\u011flayabilirsiniz.<\/h4>\n\n\n\n<h3 class=\"wp-block-heading\">&nbsp;\u0130leti\u015fim Bilgilerimiz<\/h3>\n\n\n\n<figure class=\"wp-block-table\"><table><tbody><tr><td><strong>Telefon<\/strong><\/td><td>(0212) 434 00 62<\/td><\/tr><tr><td><strong>Gsm<\/strong><\/td><td>(0532) 680 56 55<\/td><\/tr><tr><td><strong>Faks<\/strong><\/td><td>(0212) 434 00 62<\/td><\/tr><tr><td><strong>E-Posta<\/strong><\/td><td>info@dismekanhali.com<\/td><\/tr><tr><td><strong>Adres<\/strong><\/td><td>Oru\u00e7reis Mahallesi Tekstilkent Cad. Tekstilkent Ticaret Merkezi G2 Blok Kat:3 No:384, 34235 Esenler\/\u0130stanbul<\/td><\/tr><\/tbody><\/table><\/figure>\n\n\n\n<div class=\"wp-block-contact-form-7-contact-form-selector\"><div role=\"form\" class=\"wpcf7\" id=\"wpcf7-f59-o1\" lang=\"tr-TR\" dir=\"ltr\">\n<div class=\"screen-reader-response\"><p role=\"status\" aria-live=\"polite\" aria-atomic=\"true\"><\/p> <ul><\/ul><\/div>\n<form action=\"\/magaza\/wp-json\/wp\/v2\/pages\/22#wpcf7-f59-o1\" method=\"post\" class=\"wpcf7-form init\" novalidate=\"novalidate\" data-status=\"init\">\n<div style=\"display: none;\">\n<input type=\"hidden\" name=\"_wpcf7\" value=\"59\" \/>\n<input type=\"hidden\" name=\"_wpcf7_version\" value=\"5.6\" \/>\n<input type=\"hidden\" name=\"_wpcf7_locale\" value=\"tr_TR\" \/>\n<input type=\"hidden\" name=\"_wpcf7_unit_tag\" value=\"wpcf7-f59-o1\" \/>\n<input type=\"hidden\" name=\"_wpcf7_container_post\" value=\"0\" \/>\n<input type=\"hidden\" name=\"_wpcf7_posted_data_hash\" value=\"\" \/>\n<\/div>\n<p><label> Ad\u0131n\u0131z<br \/>\n    <span class=\"wpcf7-form-control-wrap\" data-name=\"your-name\"><input type=\"text\" name=\"your-name\" value=\"\" size=\"40\" class=\"wpcf7-form-control wpcf7-text wpcf7-validates-as-required\" aria-required=\"true\" aria-invalid=\"false\" \/><\/span> <\/label><\/p>\n<p><label> E-posta adresiniz<br \/>\n    <span class=\"wpcf7-form-control-wrap\" data-name=\"your-email\"><input type=\"email\" name=\"your-email\" value=\"\" size=\"40\" class=\"wpcf7-form-control wpcf7-text wpcf7-email wpcf7-validates-as-required wpcf7-validates-as-email\" aria-required=\"true\" aria-invalid=\"false\" \/><\/span> <\/label><\/p>\n<p><label> Konu<br \/>\n    <span class=\"wpcf7-form-control-wrap\" data-name=\"your-subject\"><input type=\"text\" name=\"your-subject\" value=\"\" size=\"40\" class=\"wpcf7-form-control wpcf7-text wpcf7-validates-as-required\" aria-required=\"true\" aria-invalid=\"false\" \/><\/span> <\/label><\/p>\n<p><label> \u0130letiniz (tercihe ba\u011fl\u0131)<br \/>\n    <span class=\"wpcf7-form-control-wrap\" data-name=\"your-message\"><textarea name=\"your-message\" cols=\"40\" rows=\"10\" class=\"wpcf7-form-control wpcf7-textarea\" aria-invalid=\"false\"><\/textarea><\/span> <\/label><\/p>\n<p><input type=\"submit\" value=\"G\u00f6nder\" class=\"wpcf7-form-control has-spinner wpcf7-submit\" \/><\/p>\n<p style=\"display: none !important;\"><label>&#916;<textarea name=\"_wpcf7_ak_hp_textarea\" cols=\"45\" rows=\"8\" maxlength=\"100\"><\/textarea><\/label><input type=\"hidden\" id=\"ak_js_1\" name=\"_wpcf7_ak_js\" value=\"122\"\/><script>document.getElementById( \"ak_js_1\" ).setAttribute( \"value\", ( new Date() ).getTime() );<\/script><\/p><div class=\"wpcf7-response-output\" aria-hidden=\"true\"><\/div><\/form><\/div><\/div>\n\n\n\n<iframe src=\"https:\/\/www.google.com\/maps\/embed?pb=!1m18!1m12!1m3!1d12032.673822592955!2d28.859910593233995!3d41.06531027730925!2m3!1f0!2f0!3f0!3m2!1i1024!2i768!4f13.1!3m3!1m2!1s0x14cabab8e311f747%3A0xddf78bd7071a7533!2zRMSxxZ8gbWVrYW4gaGFsxLE!5e0!3m2!1str!2str!4v1616663614399!5m2!1str!2str\" width=\"100%\" height=\"600\" style=\"border:0;\" allowfullscreen=\"\" loading=\"lazy\"><\/iframe>\n\n\n\n<p><\/p>\n","protected":false},"excerpt":{"rendered":"<p>\u00dcr\u00fcn ve hizmetlerimiz hakk\u0131nda daha detayl\u0131 bilgi almak i\u00e7in e-posta, telefon veya ileti\u015fim formumuz arac\u0131l\u0131\u011f\u0131 ile rahatl\u0131kla irtibat sa\u011flayabilirsiniz. &nbsp;\u0130leti\u015fim Bilgilerimiz Telefon (0212) 434 00 62 Gsm (0532) 680 56 55 Faks (0212) 434 00 62 E-Posta info@dismekanhali.com Adres Oru\u00e7reis Mahallesi Tekstilkent Cad. Tekstilkent Ticaret Merkezi G2 Blok Kat:3 No:384, 34235 Esenler\/\u0130stanbul<\/p>\n","protected":false},"author":1,"featured_media":0,"parent":0,"menu_order":0,"comment_status":"closed","ping_status":"closed","template":"","meta":{"footnotes":""},"class_list":["post-22","page","type-page","status-publish","hentry"],"_links":{"self":[{"href":"https:\/\/www.dismekanhali.com\/magaza\/wp-json\/wp\/v2\/pages\/22","targetHints":{"allow":["GET"]}}],"collection":[{"href":"https:\/\/www.dismekanhali.com\/magaza\/wp-json\/wp\/v2\/pages"}],"about":[{"href":"https:\/\/www.dismekanhali.com\/magaza\/wp-json\/wp\/v2\/types\/page"}],"author":[{"embeddable":true,"href":"https:\/\/www.dismekanhali.com\/magaza\/wp-json\/wp\/v2\/users\/1"}],"replies":[{"embeddable":true,"href":"https:\/\/www.dismekanhali.com\/magaza\/wp-json\/wp\/v2\/comments?post=22"}],"version-history":[{"count":6,"href":"https:\/\/www.dismekanhali.com\/magaza\/wp-json\/wp\/v2\/pages\/22\/revisions"}],"predecessor-version":[{"id":60,"href":"https:\/\/www.dismekanhali.com\/magaza\/wp-json\/wp\/v2\/pages\/22\/revisions\/60"}],"wp:attachment":[{"href":"https:\/\/www.dismekanhali.com\/magaza\/wp-json\/wp\/v2\/media?parent=22"}],"curies":[{"name":"wp","href":"https:\/\/api.w.org\/{rel}","templated":true}]}}